{"id":1510,"date":"2023-04-05T15:04:07","date_gmt":"2023-04-05T13:04:07","guid":{"rendered":"https:\/\/www.lefruitierdeshalles.fr\/?page_id=1510"},"modified":"2023-04-27T16:29:59","modified_gmt":"2023-04-27T14:29:59","slug":"notre-epicerie-fine","status":"publish","type":"page","link":"http:\/\/www.lefruitierdeshalles.fr\/index.php\/notre-epicerie-fine\/","title":{"rendered":"Notre \u00e9picerie fine"},"content":{"rendered":"<section class=\"wpb-content-wrapper\"><p>[vc_row][vc_column css=&#8221;.vc_custom_1479818795948{margin-top: 1em !important;}&#8221;][vc_empty_space]<div class=\"sc_services sc_services_default\" data-slides-per-view=\"4\" data-slides-min-width=\"200\"\t\t>\r\n\t\t<h6 class=\"sc_item_subtitle sc_services_subtitle sc_align_center sc_item_title_style_default\">Nos fruits<\/h6><div class=\"sc_services_columns sc_item_columns trx_addons_columns_wrap columns_padding_bottom\"><div class=\"trx_addons_column-1_4\"><div class=\"sc_services_item with_icon sc_services_item_featured_top\">\r\n\t<a href=\"http:\/\/www.lefruitierdeshalles.fr\/index.php\/services\/cornichons\/\"\r\n\t\t\t id=\"sc_services_925443605_icon-tapenades\"\r\n\t\t\t class=\"sc_services_item_icon icon-tapenades\"\r\n\t\t\t ><\/a>\t\r\n\t<div class=\"sc_services_item_info\">\r\n\t\t<div class=\"sc_services_item_header\">\r\n\t\t\t<h4 class=\"sc_services_item_title\"><a href=\"http:\/\/www.lefruitierdeshalles.fr\/index.php\/services\/cornichons\/\">Cornichons<\/a><\/h4>\r\n\t\t\t<div class=\"sc_services_item_subtitle\"><a href=\"http:\/\/www.lefruitierdeshalles.fr\/index.php\/services_group\/notre-epicerie-fine\/\" title=\"View all posts in Notre \u00e9picerie fine\">Notre \u00e9picerie fine<\/a><\/div>\r\n\t\t<\/div>\r\n\t\t\t\t\t<div class=\"sc_services_item_content\"><p>D\u00e9couvrez notre gamme de cornichons savoureux et croquants.<\/p>\n<\/div>\r\n\t\t\t<div class=\"sc_services_item_button sc_item_button\"><a href=\"http:\/\/www.lefruitierdeshalles.fr\/index.php\/services\/cornichons\/\" class=\"sc_button sc_button_simple\">Learn more<\/a><\/div>\r\n\t\t\t<\/div>\r\n<\/div>\r\n<\/div><div class=\"trx_addons_column-1_4\"><div class=\"sc_services_item with_icon sc_services_item_featured_top\">\r\n\t<a href=\"http:\/\/www.lefruitierdeshalles.fr\/index.php\/services\/veloutes\/\"\r\n\t\t\t id=\"sc_services_925443605_icon-soupe\"\r\n\t\t\t class=\"sc_services_item_icon icon-soupe\"\r\n\t\t\t ><\/a>\t\r\n\t<div class=\"sc_services_item_info\">\r\n\t\t<div class=\"sc_services_item_header\">\r\n\t\t\t<h4 class=\"sc_services_item_title\"><a href=\"http:\/\/www.lefruitierdeshalles.fr\/index.php\/services\/veloutes\/\">Velout\u00e9s<\/a><\/h4>\r\n\t\t\t<div class=\"sc_services_item_subtitle\"><a href=\"http:\/\/www.lefruitierdeshalles.fr\/index.php\/services_group\/notre-epicerie-fine\/\" title=\"View all posts in Notre \u00e9picerie fine\">Notre \u00e9picerie fine<\/a><\/div>\r\n\t\t<\/div>\r\n\t\t\t\t\t<div class=\"sc_services_item_content\"><p>D\u00e9couvrez notre gamme de velout\u00e9s d\u00e9licieux et r\u00e9confortants.<\/p>\n<\/div>\r\n\t\t\t<div class=\"sc_services_item_button sc_item_button\"><a href=\"http:\/\/www.lefruitierdeshalles.fr\/index.php\/services\/veloutes\/\" class=\"sc_button sc_button_simple\">Learn more<\/a><\/div>\r\n\t\t\t<\/div>\r\n<\/div>\r\n<\/div><\/div><\/div><!-- \/.sc_services -->[\/vc_column][\/vc_row][vc_row][vc_column css=&#8221;.vc_custom_1479823812208{margin-top: 1em !important;}&#8221;]<div id=\"sc_title_1156821535\"\r\n\t\tclass=\"sc_title sc_title_default  vc_custom_1680699757355\"><h6 class=\"sc_item_subtitle sc_title_subtitle sc_align_center sc_item_title_style_default\">En cuisine<\/h6><h3 class=\"sc_item_title sc_title_title sc_align_center sc_item_title_style_default\">Nos recettes<\/h3><\/div><!-- \/.sc_title -->[vc_empty_space height=&#8221;4.8rem&#8221; alter_height=&#8221;none&#8221; hide_on_mobile=&#8221;&#8221;][\/vc_column][\/vc_row]<\/p>\n<\/section>","protected":false},"excerpt":{"rendered":"<p>[vc_row][vc_column css=&#8221;.vc_custom_1479818795948{margin-top: 1em !important;}&#8221;][vc_empty_space][\/vc_column][\/vc_row][vc_row][vc_column css=&#8221;.vc_custom_1479823812208{margin-top: 1em !important;}&#8221;][vc_empty_space height=&#8221;4.8rem&#8221; alter_height=&#8221;none&#8221; hide_on_mobile=&#8221;&#8221;][\/vc_column][\/vc_row]<\/p>\n","protected":false},"author":1,"featured_media":0,"parent":0,"menu_order":0,"comment_status":"closed","ping_status":"closed","template":"","meta":{"footnotes":""},"class_list":["post-1510","page","type-page","status-publish","hentry"],"yoast_head":"<!-- This site is optimized with the Yoast SEO plugin v21.7 - https:\/\/yoast.com\/wordpress\/plugins\/seo\/ -->\n<title>Notre \u00e9picerie fine - Fruitier des Halles<\/title>\n<meta name=\"robots\" content=\"index, follow, max-snippet:-1, max-image-preview:large, max-video-preview:-1\" \/>\n<link rel=\"canonical\" href=\"https:\/\/www.lefruitierdeshalles.fr\/index.php\/notre-epicerie-fine\/\" \/>\n<meta property=\"og:locale\" content=\"fr_FR\" \/>\n<meta property=\"og:type\" content=\"article\" \/>\n<meta property=\"og:title\" content=\"Notre \u00e9picerie fine - Fruitier des Halles\" \/>\n<meta property=\"og:description\" content=\"[vc_row][vc_column css=&#8221;.vc_custom_1479818795948{margin-top: 1em !important;}&#8221;][vc_empty_space][\/vc_column][\/vc_row][vc_row][vc_column css=&#8221;.vc_custom_1479823812208{margin-top: 1em !important;}&#8221;][vc_empty_space height=&#8221;4.8rem&#8221; alter_height=&#8221;none&#8221; hide_on_mobile=&#8221;&#8221;][\/vc_column][\/vc_row]\" \/>\n<meta property=\"og:url\" content=\"https:\/\/www.lefruitierdeshalles.fr\/index.php\/notre-epicerie-fine\/\" \/>\n<meta property=\"og:site_name\" content=\"Fruitier des Halles\" \/>\n<meta property=\"article:modified_time\" content=\"2023-04-27T14:29:59+00:00\" \/>\n<meta name=\"twitter:card\" content=\"summary_large_image\" \/>\n<meta name=\"twitter:label1\" content=\"Dur\u00e9e de lecture estim\u00e9e\" \/>\n\t<meta name=\"twitter:data1\" content=\"1 minute\" \/>\n<script type=\"application\/ld+json\" class=\"yoast-schema-graph\">{\"@context\":\"https:\/\/schema.org\",\"@graph\":[{\"@type\":\"WebPage\",\"@id\":\"https:\/\/www.lefruitierdeshalles.fr\/index.php\/notre-epicerie-fine\/\",\"url\":\"https:\/\/www.lefruitierdeshalles.fr\/index.php\/notre-epicerie-fine\/\",\"name\":\"Notre \u00e9picerie fine - Fruitier des Halles\",\"isPartOf\":{\"@id\":\"http:\/\/www.lefruitierdeshalles.fr\/#website\"},\"datePublished\":\"2023-04-05T13:04:07+00:00\",\"dateModified\":\"2023-04-27T14:29:59+00:00\",\"breadcrumb\":{\"@id\":\"https:\/\/www.lefruitierdeshalles.fr\/index.php\/notre-epicerie-fine\/#breadcrumb\"},\"inLanguage\":\"fr-FR\",\"potentialAction\":[{\"@type\":\"ReadAction\",\"target\":[\"https:\/\/www.lefruitierdeshalles.fr\/index.php\/notre-epicerie-fine\/\"]}]},{\"@type\":\"BreadcrumbList\",\"@id\":\"https:\/\/www.lefruitierdeshalles.fr\/index.php\/notre-epicerie-fine\/#breadcrumb\",\"itemListElement\":[{\"@type\":\"ListItem\",\"position\":1,\"name\":\"Accueil\",\"item\":\"http:\/\/www.lefruitierdeshalles.fr\/\"},{\"@type\":\"ListItem\",\"position\":2,\"name\":\"Notre \u00e9picerie fine\"}]},{\"@type\":\"WebSite\",\"@id\":\"http:\/\/www.lefruitierdeshalles.fr\/#website\",\"url\":\"http:\/\/www.lefruitierdeshalles.fr\/\",\"name\":\"Fruitier des Halles\",\"description\":\"Primeur \u00e0 Rouen\",\"publisher\":{\"@id\":\"http:\/\/www.lefruitierdeshalles.fr\/#organization\"},\"potentialAction\":[{\"@type\":\"SearchAction\",\"target\":{\"@type\":\"EntryPoint\",\"urlTemplate\":\"http:\/\/www.lefruitierdeshalles.fr\/?s={search_term_string}\"},\"query-input\":\"required name=search_term_string\"}],\"inLanguage\":\"fr-FR\"},{\"@type\":\"Organization\",\"@id\":\"http:\/\/www.lefruitierdeshalles.fr\/#organization\",\"name\":\"Fruitier des Halles\",\"url\":\"http:\/\/www.lefruitierdeshalles.fr\/\",\"logo\":{\"@type\":\"ImageObject\",\"inLanguage\":\"fr-FR\",\"@id\":\"http:\/\/www.lefruitierdeshalles.fr\/#\/schema\/logo\/image\/\",\"url\":\"http:\/\/www.lefruitierdeshalles.fr\/wp-content\/uploads\/2023\/04\/cropped-Logo-3_Plan-de-travail-1-03.png\",\"contentUrl\":\"http:\/\/www.lefruitierdeshalles.fr\/wp-content\/uploads\/2023\/04\/cropped-Logo-3_Plan-de-travail-1-03.png\",\"width\":512,\"height\":512,\"caption\":\"Fruitier des Halles\"},\"image\":{\"@id\":\"http:\/\/www.lefruitierdeshalles.fr\/#\/schema\/logo\/image\/\"},\"sameAs\":[\"https:\/\/www.instagram.com\/lefruitierdeshalles_rouen\/\"]}]}<\/script>\n<!-- \/ Yoast SEO plugin. -->","yoast_head_json":{"title":"Notre \u00e9picerie fine - Fruitier des Halles","robots":{"index":"index","follow":"follow","max-snippet":"max-snippet:-1","max-image-preview":"max-image-preview:large","max-video-preview":"max-video-preview:-1"},"canonical":"https:\/\/www.lefruitierdeshalles.fr\/index.php\/notre-epicerie-fine\/","og_locale":"fr_FR","og_type":"article","og_title":"Notre \u00e9picerie fine - Fruitier des Halles","og_description":"[vc_row][vc_column css=&#8221;.vc_custom_1479818795948{margin-top: 1em !important;}&#8221;][vc_empty_space][\/vc_column][\/vc_row][vc_row][vc_column css=&#8221;.vc_custom_1479823812208{margin-top: 1em !important;}&#8221;][vc_empty_space height=&#8221;4.8rem&#8221; alter_height=&#8221;none&#8221; hide_on_mobile=&#8221;&#8221;][\/vc_column][\/vc_row]","og_url":"https:\/\/www.lefruitierdeshalles.fr\/index.php\/notre-epicerie-fine\/","og_site_name":"Fruitier des Halles","article_modified_time":"2023-04-27T14:29:59+00:00","twitter_card":"summary_large_image","twitter_misc":{"Dur\u00e9e de lecture estim\u00e9e":"1 minute"},"schema":{"@context":"https:\/\/schema.org","@graph":[{"@type":"WebPage","@id":"https:\/\/www.lefruitierdeshalles.fr\/index.php\/notre-epicerie-fine\/","url":"https:\/\/www.lefruitierdeshalles.fr\/index.php\/notre-epicerie-fine\/","name":"Notre \u00e9picerie fine - Fruitier des Halles","isPartOf":{"@id":"http:\/\/www.lefruitierdeshalles.fr\/#website"},"datePublished":"2023-04-05T13:04:07+00:00","dateModified":"2023-04-27T14:29:59+00:00","breadcrumb":{"@id":"https:\/\/www.lefruitierdeshalles.fr\/index.php\/notre-epicerie-fine\/#breadcrumb"},"inLanguage":"fr-FR","potentialAction":[{"@type":"ReadAction","target":["https:\/\/www.lefruitierdeshalles.fr\/index.php\/notre-epicerie-fine\/"]}]},{"@type":"BreadcrumbList","@id":"https:\/\/www.lefruitierdeshalles.fr\/index.php\/notre-epicerie-fine\/#breadcrumb","itemListElement":[{"@type":"ListItem","position":1,"name":"Accueil","item":"http:\/\/www.lefruitierdeshalles.fr\/"},{"@type":"ListItem","position":2,"name":"Notre \u00e9picerie fine"}]},{"@type":"WebSite","@id":"http:\/\/www.lefruitierdeshalles.fr\/#website","url":"http:\/\/www.lefruitierdeshalles.fr\/","name":"Fruitier des Halles","description":"Primeur \u00e0 Rouen","publisher":{"@id":"http:\/\/www.lefruitierdeshalles.fr\/#organization"},"potentialAction":[{"@type":"SearchAction","target":{"@type":"EntryPoint","urlTemplate":"http:\/\/www.lefruitierdeshalles.fr\/?s={search_term_string}"},"query-input":"required name=search_term_string"}],"inLanguage":"fr-FR"},{"@type":"Organization","@id":"http:\/\/www.lefruitierdeshalles.fr\/#organization","name":"Fruitier des Halles","url":"http:\/\/www.lefruitierdeshalles.fr\/","logo":{"@type":"ImageObject","inLanguage":"fr-FR","@id":"http:\/\/www.lefruitierdeshalles.fr\/#\/schema\/logo\/image\/","url":"http:\/\/www.lefruitierdeshalles.fr\/wp-content\/uploads\/2023\/04\/cropped-Logo-3_Plan-de-travail-1-03.png","contentUrl":"http:\/\/www.lefruitierdeshalles.fr\/wp-content\/uploads\/2023\/04\/cropped-Logo-3_Plan-de-travail-1-03.png","width":512,"height":512,"caption":"Fruitier des Halles"},"image":{"@id":"http:\/\/www.lefruitierdeshalles.fr\/#\/schema\/logo\/image\/"},"sameAs":["https:\/\/www.instagram.com\/lefruitierdeshalles_rouen\/"]}]}},"_links":{"self":[{"href":"http:\/\/www.lefruitierdeshalles.fr\/index.php\/wp-json\/wp\/v2\/pages\/1510","targetHints":{"allow":["GET"]}}],"collection":[{"href":"http:\/\/www.lefruitierdeshalles.fr\/index.php\/wp-json\/wp\/v2\/pages"}],"about":[{"href":"http:\/\/www.lefruitierdeshalles.fr\/index.php\/wp-json\/wp\/v2\/types\/page"}],"author":[{"embeddable":true,"href":"http:\/\/www.lefruitierdeshalles.fr\/index.php\/wp-json\/wp\/v2\/users\/1"}],"replies":[{"embeddable":true,"href":"http:\/\/www.lefruitierdeshalles.fr\/index.php\/wp-json\/wp\/v2\/comments?post=1510"}],"version-history":[{"count":3,"href":"http:\/\/www.lefruitierdeshalles.fr\/index.php\/wp-json\/wp\/v2\/pages\/1510\/revisions"}],"predecessor-version":[{"id":1978,"href":"http:\/\/www.lefruitierdeshalles.fr\/index.php\/wp-json\/wp\/v2\/pages\/1510\/revisions\/1978"}],"wp:attachment":[{"href":"http:\/\/www.lefruitierdeshalles.fr\/index.php\/wp-json\/wp\/v2\/media?parent=1510"}],"curies":[{"name":"wp","href":"https:\/\/api.w.org\/{rel}","templated":true}]}}